{"id":1,"date":"2019-09-05T08:43:56","date_gmt":"2019-09-05T08:43:56","guid":{"rendered":"https:\/\/www.metalika-volf.com\/?p=1"},"modified":"2025-09-24T15:21:20","modified_gmt":"2025-09-24T15:21:20","slug":"naslovna","status":"publish","type":"page","link":"https:\/\/www.metalika-volf.com\/en\/","title":{"rendered":"Naslovna"},"content":{"rendered":"<ul>\n<li>\n<p>        <img decoding=\"async\" src=\"\/wp-content\/uploads\/2025\/02\/grafit.jpg\" alt=\"Prozvodi od grafita\"><\/p>\n<h3>Proizvodnja robe od grafita<\/h3>\n<p>grafitne \u010detkice | dr\u017ea\u010di \u010detkica | \u010detkice za mokri rad | \u010detkice za suvi rad | kontakti <br \/>| pletenice | grafitne lamele | oduzima\u010di struje<\/p>\n<p><a href=\"https:\/\/www.metalika-volf.com\/proizvodi\/\">Detaljno<\/a><\/p>\n<\/li>\n<li>\n<p>        <img decoding=\"async\" src=\"\/wp-content\/uploads\/2025\/03\/cetkice.jpg\" alt=\"cetkice\"><\/p>\n<h3>Proizvodnja robe od grafita<\/h3>\n<p>grafitne \u010detkice | dr\u017ea\u010di \u010detkica | \u010detkice za mokri rad | \u010detkice za suvi rad | kontakti <br \/>| pletenice | grafitne lamele | oduzima\u010di struje<\/p>\n<\/li>\n<\/ul>\n<h2>Na\u0161i proizvodi<\/h2>\n<div>\n<\/div>\n<p><p>\n        <a href=\"https:\/\/www.metalika-volf.com\/proizvodi\/\">Vidi sve prizvode<\/a>\n    <\/p>\n<\/p>\n<h2>USLUGE<\/h2>\n<div>\n<p>Vr\u0161imo usluge laserskog se\u010denja i ma\u0161inske obrade.<br \/>Za vi\u0161e informacija, slobodno nas <a href=\"https:\/\/www.metalika-volf.com\/kontakt\/\">pozovite<\/a>.<\/p>\n<\/div>\n<div>\n<\/div>\n<p><p>\n        <a href=\"\/usluge\/\">Vidi sve usluge<\/a>\n    <\/p>\n<\/p>\n<ul>\n<li>\n        <a href=\"https:\/\/www.metalika-volf.com\/proizvodi\/\"><strong>Proizvodi<\/strong><\/a>\n    <\/li>\n<li>\n        <a href=\"https:\/\/www.metalika-volf.com\/usluge\/\"><strong>Usluge<\/strong><\/a>\n    <\/li>\n<li>\n        <a href=\"https:\/\/www.metalika-volf.com\/reference\/\"><strong>Reference<\/strong><\/a>\n    <\/li>\n<li>\n        <a href=\"https:\/\/www.metalika-volf.com\/category\/baza-znanje\/\"><strong>Baza znanja<\/strong><\/a>\n    <\/li>\n<li>\n        <a href=\"https:\/\/www.metalika-volf.com\/category\/vesti\/\"><strong>Vesti<\/strong><\/a>\n    <\/li>\n<li>\n        <a href=\"https:\/\/www.metalika-volf.com\/dokumenti\/\"><strong>Dokumenti<\/strong><\/a>\n    <\/li>\n<\/ul>\n<div>\n<\/div>\n<div>\n<div>\n<p style=\"text-align: justify;\"><strong>SR METALIKA Z<\/strong> je savremena fabrika koja je specijalizovana za izradu proizvoda od grafita i metala. Najve\u0107i potro\u0161a\u010di na\u0161ih proizvoda su: Privredna dru\u0161tva u sastavu Elektroprivrede Srbije, Srbijavoz i druge \u017eelezni\u010dke uprave u regionu, GSP Beograd, rudnici, cementare, i remontna preduze\u0107a&#8230;<\/p>\n<\/div>\n<\/div>\n<p><!--more--><br \/>\n<!-- {\"type\":\"layout\",\"children\":[{\"type\":\"section\",\"props\":{\"css\":\"\\n@media (min-width: 640px) {\\n    .uk-container {\\n        padding-left: 0px;\\n        padding-right: 0px;\\n    }\\n}\",\"header_transparent\":true,\"header_transparent_noplaceholder\":false,\"header_transparent_text_color\":\"dark\",\"image_position\":\"center-center\",\"padding\":\"small\",\"padding_remove_bottom\":true,\"padding_remove_top\":true,\"style\":\"default\",\"title_breakpoint\":\"xl\",\"title_position\":\"top-left\",\"title_rotation\":\"left\",\"vertical_align\":\"\",\"width\":\"expand\"},\"children\":[{\"type\":\"row\",\"props\":{\"css\":\"@media (min-width: 640px) {\\n    .uk-container {\\n        padding-left: 0px;\\n        padding-right: 0px;\\n    }\\n}\",\"width\":\"expand\"},\"children\":[{\"type\":\"column\",\"props\":{\"image_position\":\"center-center\",\"position_sticky_breakpoint\":\"m\"},\"children\":[{\"type\":\"slideshow\",\"props\":{\"css\":\"@media (min-width: 640px) {\\n    .uk-container {\\n        padding-left: 0px;\\n        padding-right: 0px;\\n    }\\n}\",\"image_loading\":true,\"link_style\":\"danger\",\"link_text\":\"Read more\",\"margin\":\"default\",\"meta_align\":\"below-title\",\"meta_element\":\"div\",\"meta_style\":\"h5\",\"nav\":\"\",\"nav_align\":\"center\",\"nav_breakpoint\":\"s\",\"nav_position\":\"bottom-center\",\"nav_position_margin\":\"medium\",\"overlay_animation\":\"parallax\",\"overlay_position\":\"center-left\",\"overlay_style\":\"overlay-primary\",\"show_content\":true,\"show_link\":true,\"show_meta\":true,\"show_thumbnail\":true,\"show_title\":true,\"slidenav\":\"bottom-right\",\"slidenav_breakpoint\":\"s\",\"slidenav_hover\":true,\"slidenav_large\":true,\"slidenav_margin\":\"medium\",\"slidenav_outside_breakpoint\":\"xl\",\"slideshow_animation\":\"scale\",\"slideshow_autoplay\":true,\"slideshow_autoplay_pause\":true,\"slideshow_height_offset_top\":false,\"slideshow_kenburns\":\"alternate\",\"slideshow_max_height\":\"800\",\"slideshow_min_height\":\"300\",\"text_color\":\"light\",\"thumbnav_height\":\"75\",\"thumbnav_svg_color\":\"emphasis\",\"thumbnav_width\":\"100\",\"title_element\":\"h3\",\"title_hover_style\":\"reset\",\"title_style\":\"h2\"},\"children\":[{\"type\":\"slideshow_item\",\"props\":{\"content\":\"\",\"image\":\"wp-content\\\/uploads\\\/2025\\\/02\\\/grafit.jpg\",\"image_alt\":\"Prozvodi od grafita\",\"link\":\"https:\\\/\\\/www.metalika-volf.com\\\/proizvodi\\\/\",\"link_text\":\"Detaljno\",\"meta\":\"grafitne \\u010detkice | dr\\u017ea\\u010di \\u010detkica | \\u010detkice za mokri rad | \\u010detkice za suvi rad | kontakti <br \/>| pletenice | grafitne lamele | oduzima\\u010di struje\",\"title\":\"Proizvodnja robe od grafita\"}},{\"type\":\"slideshow_item\",\"props\":{\"content\":\"\",\"image\":\"wp-content\\\/uploads\\\/2025\\\/03\\\/cetkice.jpg\",\"image_alt\":\"cetkice\",\"meta\":\"grafitne \\u010detkice | dr\\u017ea\\u010di \\u010detkica | \\u010detkice za mokri rad | \\u010detkice za suvi rad | kontakti <br \/>| pletenice | grafitne lamele | oduzima\\u010di struje\",\"title\":\"Proizvodnja robe od grafita\"}}]}]}]}],\"name\":\"Hero\"},{\"type\":\"section\",\"props\":{\"image_position\":\"center-center\",\"padding\":\"small\",\"padding_remove_bottom\":false,\"padding_remove_top\":false,\"style\":\"muted\",\"title_breakpoint\":\"xl\",\"title_position\":\"top-left\",\"title_rotation\":\"left\",\"vertical_align\":\"\",\"width\":\"large\"},\"children\":[{\"type\":\"row\",\"children\":[{\"type\":\"column\",\"props\":{\"image_position\":\"center-center\",\"padding\":\"xsmall\",\"position_sticky_breakpoint\":\"m\",\"style\":\"card-default\",\"width_medium\":\"1-1\"},\"children\":[{\"type\":\"headline\",\"props\":{\"content\":\"Na\\u0161i proizvodi\",\"margin\":\"large\",\"text_align\":\"center\",\"title_element\":\"h2\",\"title_style\":\"h1\"}},{\"type\":\"panel-slider\",\"props\":{\"content_column_breakpoint\":\"m\",\"height_expand\":true,\"icon_width\":80,\"image_align\":\"top\",\"image_grid_breakpoint\":\"m\",\"image_grid_width\":\"1-2\",\"image_link\":true,\"image_svg_color\":\"emphasis\",\"image_transition\":\"scale-up\",\"link_style\":\"default\",\"link_text\":\"\",\"margin\":\"default\",\"meta_align\":\"below-title\",\"meta_element\":\"div\",\"meta_style\":\"text-meta\",\"nav\":\"\",\"nav_align\":\"center\",\"nav_breakpoint\":\"s\",\"panel_card_offset\":false,\"panel_image_no_padding\":true,\"panel_link\":true,\"panel_link_hover\":false,\"panel_match\":true,\"panel_padding\":\"small\",\"panel_style\":\"card-secondary\",\"show_content\":true,\"show_hover_image\":true,\"show_hover_video\":true,\"show_image\":true,\"show_link\":true,\"show_meta\":true,\"show_title\":true,\"show_video\":true,\"slidenav\":\"default\",\"slidenav_breakpoint\":\"\",\"slidenav_hover\":true,\"slidenav_large\":true,\"slidenav_margin\":\"small\",\"slidenav_outside_breakpoint\":\"xl\",\"slider_autoplay\":true,\"slider_autoplay_pause\":true,\"slider_center\":false,\"slider_finite\":true,\"slider_gap\":\"small\",\"slider_width\":\"fixed\",\"slider_width_default\":\"1-1\",\"slider_width_medium\":\"1-4\",\"title_align\":\"top\",\"title_element\":\"h3\",\"title_grid_breakpoint\":\"m\",\"title_grid_width\":\"1-2\",\"title_hover_style\":\"reset\"},\"children\":[{\"type\":\"panel-slider_item\",\"source\":{\"query\":{\"name\":\"posts.customPosts\",\"arguments\":{\"terms\":[4],\"category_operator\":\"IN\",\"post_tag_operator\":\"IN\",\"users\":[],\"users_operator\":\"IN\",\"offset\":0,\"limit\":10,\"order\":\"date\",\"order_direction\":\"DESC\"}},\"props\":{\"title\":{\"name\":\"title\"},\"image\":{\"name\":\"featuredImage.url\"},\"image_alt\":{\"name\":\"featuredImage.alt\"},\"link\":{\"name\":\"link\"}}}}]},{\"type\":\"button\",\"props\":{\"grid_column_gap\":\"small\",\"grid_row_gap\":\"small\",\"margin\":\"large\",\"text_align\":\"right\",\"text_align_breakpoint\":\"m\"},\"children\":[{\"type\":\"button_item\",\"props\":{\"button_style\":\"text\",\"content\":\"Vidi sve prizvode\",\"dialog_layout\":\"modal\",\"dialog_offcanvas_flip\":true,\"icon_align\":\"left\",\"link\":\"https:\\\/\\\/www.metalika-volf.com\\\/proizvodi\\\/\"}}]}]}],\"props\":{\"column_gap\":\"small\",\"row_gap\":\"small\"}}],\"name\":\"Companies\"},{\"type\":\"section\",\"props\":{\"image_position\":\"center-center\",\"padding\":\"small\",\"padding_remove_bottom\":false,\"style\":\"muted\",\"title_breakpoint\":\"xl\",\"title_position\":\"top-left\",\"title_rotation\":\"left\",\"vertical_align\":\"\",\"width\":\"large\"},\"children\":[{\"type\":\"row\",\"props\":{\"margin\":\"large\"},\"children\":[{\"type\":\"column\",\"props\":{\"image_position\":\"center-center\",\"position_sticky_breakpoint\":\"m\",\"width_medium\":\"1-1\"},\"children\":[{\"type\":\"headline\",\"props\":{\"content\":\"USLUGE\",\"title_element\":\"h2\",\"title_style\":\"h1\"}}]}]},{\"type\":\"row\",\"props\":{\"column_gap\":\"large\",\"layout\":\"1-4,3-4\",\"margin\":\"large\"},\"children\":[{\"type\":\"column\",\"props\":{\"image_position\":\"center-center\",\"position_sticky_breakpoint\":\"m\",\"width_large\":\"1-4\"},\"children\":[{\"type\":\"divider\",\"props\":{\"divider_element\":\"div\",\"divider_style\":\"small\",\"margin\":\"medium\"}},{\"type\":\"text\",\"props\":{\"column_breakpoint\":\"m\",\"content\":\"\n\n<p>Vr\\u0161imo usluge laserskog se\\u010denja i ma\\u0161inske obrade.<br \\\/>Za vi\\u0161e informacija, slobodno nas <a href=\\\"https:\\\/\\\/www.metalika-volf.com\\\/kontakt\\\/\\\">pozovite<\\\/a>.<\\\/p>\",\"margin\":\"default\",\"margin_remove_bottom\":false,\"maxwidth\":\"medium\",\"maxwidth_breakpoint\":\"m\"}}]},{\"type\":\"column\",\"props\":{\"image_position\":\"center-center\",\"position_sticky_breakpoint\":\"m\",\"width_large\":\"3-4\"},\"children\":[{\"type\":\"grid\",\"props\":{\"content_column_breakpoint\":\"m\",\"filter_align\":\"left\",\"filter_all\":true,\"filter_grid_breakpoint\":\"m\",\"filter_grid_width\":\"auto\",\"filter_position\":\"top\",\"filter_style\":\"tab\",\"grid_column_gap\":\"medium\",\"grid_default\":\"1\",\"grid_medium\":\"3\",\"grid_row_gap\":\"medium\",\"grid_small\":\"2\",\"icon_width\":80,\"image_align\":\"top\",\"image_grid_breakpoint\":\"m\",\"image_grid_width\":\"1-2\",\"image_svg_color\":\"emphasis\",\"image_width\":\"610\",\"item_animation\":true,\"lightbox_bg_close\":true,\"link_style\":\"default\",\"link_text\":\"\",\"margin\":\"default\",\"meta_align\":\"below-title\",\"meta_element\":\"div\",\"meta_style\":\"text-meta\",\"panel_image_no_padding\":true,\"panel_link\":true,\"panel_link_hover\":\"true\",\"panel_padding\":\"default\",\"panel_style\":\"card-default\",\"parallax_easing\":\"1\",\"show_content\":true,\"show_hover_image\":true,\"show_hover_video\":true,\"show_image\":true,\"show_link\":true,\"show_meta\":true,\"show_title\":true,\"show_video\":true,\"title_align\":\"top\",\"title_element\":\"h3\",\"title_grid_breakpoint\":\"m\",\"title_grid_width\":\"1-2\",\"title_hover_style\":\"reset\",\"title_style\":\"h4\"},\"children\":[{\"type\":\"grid_item\",\"source\":{\"props\":{\"title\":{\"name\":\"title\"},\"image\":{\"name\":\"field.intro_image.url\"},\"link\":{\"name\":\"link\"},\"image_alt\":{\"name\":\"field.intro_image.alt\",\"filters\":{\"search\":\"\"}}},\"query\":{\"name\":\"posts.customPosts\",\"arguments\":{\"offset\":0,\"limit\":3,\"order\":\"date\",\"order_direction\":\"DESC\",\"users\":[],\"users_operator\":\"IN\",\"terms\":[1],\"category_operator\":\"IN\",\"post_tag_operator\":\"IN\",\"category_include_children\":\"include\"}}},\"props\":{\"item_element\":\"article\"}}]},{\"type\":\"button\",\"props\":{\"grid_column_gap\":\"small\",\"grid_row_gap\":\"small\",\"margin\":\"large\",\"text_align\":\"right\",\"text_align_breakpoint\":\"m\"},\"children\":[{\"type\":\"button_item\",\"props\":{\"button_style\":\"text\",\"content\":\"Vidi sve usluge\",\"dialog_layout\":\"modal\",\"dialog_offcanvas_flip\":true,\"icon_align\":\"left\",\"link\":\"usluge\\\/\"}}]}]}]}],\"name\":\"Latest Posts\"},{\"type\":\"section\",\"props\":{\"image_position\":\"center-center\",\"padding_remove_bottom\":false,\"padding_remove_top\":false,\"style\":\"default\",\"title_breakpoint\":\"xl\",\"title_position\":\"top-left\",\"title_rotation\":\"left\",\"vertical_align\":\"middle\",\"width\":\"default\"},\"children\":[{\"type\":\"row\",\"children\":[{\"type\":\"column\",\"props\":{\"image_position\":\"center-center\",\"position_sticky_breakpoint\":\"m\"},\"children\":[{\"type\":\"subnav\",\"props\":{\"css\":\".uk-subnav > * > :first-child {\\n  color: #13254b;\\n  font-size: 18px;\\n  font-weight: 400;\\n}\",\"margin\":\"medium\",\"margin_remove_bottom\":true,\"subnav_style\":\"divider\"},\"children\":[{\"type\":\"subnav_item\",\"props\":{\"content\":\"<strong>Proizvodi<\\\/strong>\",\"link\":\"https:\\\/\\\/www.metalika-volf.com\\\/proizvodi\\\/\"}},{\"type\":\"subnav_item\",\"props\":{\"content\":\"<strong>Usluge<\\\/strong>\",\"link\":\"https:\\\/\\\/www.metalika-volf.com\\\/usluge\\\/\"}},{\"type\":\"subnav_item\",\"props\":{\"content\":\"<strong>Reference<\\\/strong>\",\"link\":\"https:\\\/\\\/www.metalika-volf.com\\\/reference\\\/\"}},{\"type\":\"subnav_item\",\"props\":{\"content\":\"<strong>Baza znanja<\\\/strong>\",\"link\":\"https:\\\/\\\/www.metalika-volf.com\\\/category\\\/baza-znanje\\\/\"}},{\"type\":\"subnav_item\",\"props\":{\"content\":\"<strong>Vesti<\\\/strong>\",\"link\":\"https:\\\/\\\/www.metalika-volf.com\\\/category\\\/vesti\\\/\"}},{\"type\":\"subnav_item\",\"props\":{\"content\":\"<strong>Dokumenti<\\\/strong>\",\"link\":\"https:\\\/\\\/www.metalika-volf.com\\\/dokumenti\\\/\"}}]}]}]}]},{\"type\":\"section\",\"props\":{\"css\":\"\\\/* Desktop and bigger *\\\/\\n@media (min-width:960px) {\\n    .el-section { padding-bottom: 0; }\\n}\",\"image_position\":\"center-center\",\"padding_remove_top\":true,\"style\":\"default\",\"title_breakpoint\":\"xl\",\"title_position\":\"top-left\",\"title_rotation\":\"left\",\"vertical_align\":\"\",\"width\":\"xlarge\",\"width_expand\":\"left\"},\"children\":[{\"type\":\"row\",\"props\":{\"column_gap\":\"large\",\"html_element\":\"article\",\"layout\":\"1-2,1-2\"},\"children\":[{\"type\":\"column\",\"props\":{\"image_position\":\"center-center\",\"position_sticky_breakpoint\":\"m\",\"vertical_align\":\"bottom\",\"width_medium\":\"1-2\"},\"children\":[{\"type\":\"slideshow\",\"props\":{\"container_padding_remove\":true,\"css\":\"@media (max-width: 959px) {\\n    \\n    .el-element.uk-container-item-padding-remove-left {\\n        width: 100%;\\n        margin-left: 0;\\n    }\\n    \\n}\",\"image_loading\":true,\"image_width\":\"1400\",\"link_style\":\"default\",\"link_text\":\"\\u010citaj vi\\u0161e\",\"margin\":\"default\",\"meta_align\":\"below-title\",\"meta_element\":\"div\",\"meta_style\":\"text-meta\",\"nav\":\"dotnav\",\"nav_align\":\"center\",\"nav_breakpoint\":\"\",\"nav_position\":\"bottom-right\",\"nav_position_margin\":\"small\",\"overlay_animation\":\"parallax\",\"overlay_position\":\"center-left\",\"show_content\":true,\"show_link\":true,\"show_meta\":true,\"show_thumbnail\":true,\"show_title\":true,\"slidenav\":\"\",\"slidenav_breakpoint\":\"s\",\"slidenav_margin\":\"medium\",\"slidenav_outside_breakpoint\":\"xl\",\"slideshow_autoplay\":true,\"slideshow_autoplay_interval\":\"10\",\"slideshow_autoplay_pause\":true,\"slideshow_min_height\":\"300\",\"text_color\":\"light\",\"thumbnav_height\":\"75\",\"thumbnav_svg_color\":\"emphasis\",\"thumbnav_width\":\"100\",\"title_element\":\"h3\",\"title_hover_style\":\"reset\"},\"children\":[{\"type\":\"slideshow_item\",\"source\":{\"props\":{\"image\":{\"name\":\"featuredImage.url\"},\"image_alt\":{\"name\":\"featuredImage.alt\"},\"title\":{\"name\":\"title\"},\"link\":{\"name\":\"link\"}},\"query\":{\"name\":\"posts.customPosts\",\"arguments\":{\"terms\":[4],\"category_operator\":\"IN\",\"post_tag_operator\":\"IN\",\"users\":[],\"users_operator\":\"IN\",\"offset\":0,\"limit\":10,\"order\":\"date\",\"order_direction\":\"ASC\"}}}}]}]},{\"type\":\"column\",\"props\":{\"image_position\":\"center-center\",\"padding\":\"none\",\"position_sticky_breakpoint\":\"m\",\"vertical_align\":\"middle\",\"width_medium\":\"1-2\"},\"children\":[{\"type\":\"panel\",\"props\":{\"content\":\"\n\n<p style=\\\"text-align: justify;\\\"><strong>SR METALIKA Z<\\\/strong> je savremena fabrika koja je specijalizovana za izradu proizvoda od grafita i metala. Najve\\u0107i potro\\u0161a\\u010di na\\u0161ih proizvoda su: Privredna dru\\u0161tva u sastavu Elektroprivrede Srbije, Srbijavoz i druge \\u017eelezni\\u010dke uprave u regionu, GSP Beograd, rudnici, cementare, i remontna preduze\\u0107a...<\\\/p>\",\"content_column_breakpoint\":\"m\",\"content_margin\":\"medium\",\"icon_width\":80,\"image_align\":\"top\",\"image_grid_breakpoint\":\"m\",\"image_grid_width\":\"1-2\",\"image_svg_color\":\"emphasis\",\"link_margin\":\"medium\",\"link_style\":\"secondary\",\"link_text\":\"Detaljno\",\"margin\":\"remove-vertical\",\"maxwidth\":\"large\",\"maxwidth_breakpoint\":\"s\",\"meta_align\":\"above-title\",\"meta_color\":\"primary\",\"meta_element\":\"div\",\"meta_style\":\"text-meta\",\"title_align\":\"top\",\"title_element\":\"h2\",\"title_grid_breakpoint\":\"m\",\"title_grid_width\":\"1-2\",\"title_hover_style\":\"reset\",\"title_link\":true,\"title_style\":\"h1\"},\"source\":{\"props\":{\"meta\":{\"name\":\"metaString\",\"filters\":{\"search\":\"\"},\"arguments\":{\"format\":\"list\",\"separator\":\"|\",\"show_publish_date\":false,\"show_author\":false,\"show_taxonomy\":\"company_cat\",\"show_comments\":false}},\"title\":{\"name\":\"title\"},\"link\":{\"name\":\"link\"}},\"query\":{\"name\":\"pages.customPage\",\"arguments\":{\"users\":[],\"users_operator\":\"IN\",\"offset\":0,\"order\":\"date\",\"order_direction\":\"DESC\",\"id\":19}}}}]}],\"source\":{\"query\":{\"name\":\"companies.customCompany\",\"arguments\":{\"users\":[],\"users_operator\":\"IN\",\"offset\":0,\"order\":\"date\",\"order_direction\":\"DESC\",\"id\":27,\"terms\":[],\"company_cat_operator\":\"IN\",\"company_tag_operator\":\"IN\",\"company_flag_operator\":\"IN\"}}}}],\"name\":\"Featured Company\"}],\"version\":\"4.5.15\"} --><\/p>\n","protected":false},"excerpt":{"rendered":"<p>Proizvodnja robe od grafita grafitne \u010detkice | dr\u017ea\u010di \u010detkica | \u010detkice za mokri rad | \u010detkice za suvi rad | kontakti | pletenice | grafitne lamele | oduzima\u010di struje Detaljno Proizvodnja robe od grafita grafitne \u010detkice | dr\u017ea\u010di \u010detkica | \u010detkice za mokri rad | \u010detkice za suvi rad | kontakti | pletenice | grafitne [&hellip;]<\/p>\n","protected":false},"author":1,"featured_media":0,"parent":0,"menu_order":4,"comment_status":"closed","ping_status":"closed","template":"","meta":{"_acf_changed":false,"footnotes":""},"class_list":["post-1","page","type-page","status-publish","hentry"],"acf":[],"yoast_head":"<!-- This site is optimized with the Yoast SEO plugin v27.4 - https:\/\/yoast.com\/product\/yoast-seo-wordpress\/ -->\n<title>Naslovna - Metalika Z<\/title>\n<meta name=\"description\" content=\"Metalica Z Volf Proizvodnja robe od grafitagrafitne \u010detkice,dr\u017ea\u010di \u010detkica, \u010detkice za mokri rad | \u010detkice za suvi rad, kontakti| pletenice\" \/>\n<meta name=\"robots\" content=\"index, follow, max-snippet:-1, max-image-preview:large, max-video-preview:-1\" \/>\n<link rel=\"canonical\" href=\"https:\/\/www.metalika-volf.com\/en\/\" \/>\n<meta property=\"og:locale\" content=\"en_GB\" \/>\n<meta property=\"og:type\" content=\"article\" \/>\n<meta property=\"og:title\" content=\"Naslovna - Metalika Z\" \/>\n<meta property=\"og:description\" content=\"Metalica Z Volf Proizvodnja robe od grafitagrafitne \u010detkice,dr\u017ea\u010di \u010detkica, \u010detkice za mokri rad | \u010detkice za suvi rad, kontakti| pletenice\" \/>\n<meta property=\"og:url\" content=\"https:\/\/www.metalika-volf.com\/en\/\" \/>\n<meta property=\"og:site_name\" content=\"Metalika Z\" \/>\n<meta property=\"article:modified_time\" content=\"2025-09-24T15:21:20+00:00\" \/>\n<meta name=\"twitter:card\" content=\"summary_large_image\" \/>\n<meta name=\"twitter:label1\" content=\"Estimated reading time\" \/>\n\t<meta name=\"twitter:data1\" content=\"2 minutes\" \/>\n<script type=\"application\/ld+json\" class=\"yoast-schema-graph\">{\"@context\":\"https:\\\/\\\/schema.org\",\"@graph\":[{\"@type\":\"WebPage\",\"@id\":\"https:\\\/\\\/www.metalika-volf.com\\\/\",\"url\":\"https:\\\/\\\/www.metalika-volf.com\\\/\",\"name\":\"Naslovna - Metalika Z\",\"isPartOf\":{\"@id\":\"https:\\\/\\\/www.metalika-volf.com\\\/#website\"},\"datePublished\":\"2019-09-05T08:43:56+00:00\",\"dateModified\":\"2025-09-24T15:21:20+00:00\",\"description\":\"Metalica Z Volf Proizvodnja robe od grafitagrafitne \u010detkice,dr\u017ea\u010di \u010detkica, \u010detkice za mokri rad | \u010detkice za suvi rad, kontakti| pletenice\",\"breadcrumb\":{\"@id\":\"https:\\\/\\\/www.metalika-volf.com\\\/#breadcrumb\"},\"inLanguage\":\"en-GB\",\"potentialAction\":[{\"@type\":\"ReadAction\",\"target\":[\"https:\\\/\\\/www.metalika-volf.com\\\/\"]}]},{\"@type\":\"BreadcrumbList\",\"@id\":\"https:\\\/\\\/www.metalika-volf.com\\\/#breadcrumb\",\"itemListElement\":[{\"@type\":\"ListItem\",\"position\":1,\"name\":\"Po\u010detna\",\"item\":\"https:\\\/\\\/www.metalika-volf.com\\\/\"},{\"@type\":\"ListItem\",\"position\":2,\"name\":\"Naslovna\"}]},{\"@type\":\"WebSite\",\"@id\":\"https:\\\/\\\/www.metalika-volf.com\\\/#website\",\"url\":\"https:\\\/\\\/www.metalika-volf.com\\\/\",\"name\":\"Volf oprema za elektri\u010dna vozila\",\"description\":\"Izradu proizvoda od grafita i metala\",\"publisher\":{\"@id\":\"https:\\\/\\\/www.metalika-volf.com\\\/#organization\"},\"potentialAction\":[{\"@type\":\"SearchAction\",\"target\":{\"@type\":\"EntryPoint\",\"urlTemplate\":\"https:\\\/\\\/www.metalika-volf.com\\\/?s={search_term_string}\"},\"query-input\":{\"@type\":\"PropertyValueSpecification\",\"valueRequired\":true,\"valueName\":\"search_term_string\"}}],\"inLanguage\":\"en-GB\"},{\"@type\":\"Organization\",\"@id\":\"https:\\\/\\\/www.metalika-volf.com\\\/#organization\",\"name\":\"Volf oprema za elektri\u010dna vozila\",\"url\":\"https:\\\/\\\/www.metalika-volf.com\\\/\",\"logo\":{\"@type\":\"ImageObject\",\"inLanguage\":\"en-GB\",\"@id\":\"https:\\\/\\\/www.metalika-volf.com\\\/#\\\/schema\\\/logo\\\/image\\\/\",\"url\":\"https:\\\/\\\/www.metalika-volf.com\\\/wp-content\\\/uploads\\\/2025\\\/02\\\/VEfEV-Logo-crni-transp-v2024.png\",\"contentUrl\":\"https:\\\/\\\/www.metalika-volf.com\\\/wp-content\\\/uploads\\\/2025\\\/02\\\/VEfEV-Logo-crni-transp-v2024.png\",\"width\":260,\"height\":103,\"caption\":\"Volf oprema za elektri\u010dna vozila\"},\"image\":{\"@id\":\"https:\\\/\\\/www.metalika-volf.com\\\/#\\\/schema\\\/logo\\\/image\\\/\"}}]}<\/script>\n<!-- \/ Yoast SEO plugin. -->","yoast_head_json":{"title":"Naslovna - Metalika Z","description":"Metalica Z Volf Proizvodnja robe od grafitagrafitne \u010detkice,dr\u017ea\u010di \u010detkica, \u010detkice za mokri rad | \u010detkice za suvi rad, kontakti| pletenice","robots":{"index":"index","follow":"follow","max-snippet":"max-snippet:-1","max-image-preview":"max-image-preview:large","max-video-preview":"max-video-preview:-1"},"canonical":"https:\/\/www.metalika-volf.com\/en\/","og_locale":"en_GB","og_type":"article","og_title":"Naslovna - Metalika Z","og_description":"Metalica Z Volf Proizvodnja robe od grafitagrafitne \u010detkice,dr\u017ea\u010di \u010detkica, \u010detkice za mokri rad | \u010detkice za suvi rad, kontakti| pletenice","og_url":"https:\/\/www.metalika-volf.com\/en\/","og_site_name":"Metalika Z","article_modified_time":"2025-09-24T15:21:20+00:00","twitter_card":"summary_large_image","twitter_misc":{"Estimated reading time":"2 minutes"},"schema":{"@context":"https:\/\/schema.org","@graph":[{"@type":"WebPage","@id":"https:\/\/www.metalika-volf.com\/","url":"https:\/\/www.metalika-volf.com\/","name":"Naslovna - Metalika Z","isPartOf":{"@id":"https:\/\/www.metalika-volf.com\/#website"},"datePublished":"2019-09-05T08:43:56+00:00","dateModified":"2025-09-24T15:21:20+00:00","description":"Metalica Z Volf Proizvodnja robe od grafitagrafitne \u010detkice,dr\u017ea\u010di \u010detkica, \u010detkice za mokri rad | \u010detkice za suvi rad, kontakti| pletenice","breadcrumb":{"@id":"https:\/\/www.metalika-volf.com\/#breadcrumb"},"inLanguage":"en-GB","potentialAction":[{"@type":"ReadAction","target":["https:\/\/www.metalika-volf.com\/"]}]},{"@type":"BreadcrumbList","@id":"https:\/\/www.metalika-volf.com\/#breadcrumb","itemListElement":[{"@type":"ListItem","position":1,"name":"Po\u010detna","item":"https:\/\/www.metalika-volf.com\/"},{"@type":"ListItem","position":2,"name":"Naslovna"}]},{"@type":"WebSite","@id":"https:\/\/www.metalika-volf.com\/#website","url":"https:\/\/www.metalika-volf.com\/","name":"Volf oprema za elektri\u010dna vozila","description":"Izradu proizvoda od grafita i metala","publisher":{"@id":"https:\/\/www.metalika-volf.com\/#organization"},"potentialAction":[{"@type":"SearchAction","target":{"@type":"EntryPoint","urlTemplate":"https:\/\/www.metalika-volf.com\/?s={search_term_string}"},"query-input":{"@type":"PropertyValueSpecification","valueRequired":true,"valueName":"search_term_string"}}],"inLanguage":"en-GB"},{"@type":"Organization","@id":"https:\/\/www.metalika-volf.com\/#organization","name":"Volf oprema za elektri\u010dna vozila","url":"https:\/\/www.metalika-volf.com\/","logo":{"@type":"ImageObject","inLanguage":"en-GB","@id":"https:\/\/www.metalika-volf.com\/#\/schema\/logo\/image\/","url":"https:\/\/www.metalika-volf.com\/wp-content\/uploads\/2025\/02\/VEfEV-Logo-crni-transp-v2024.png","contentUrl":"https:\/\/www.metalika-volf.com\/wp-content\/uploads\/2025\/02\/VEfEV-Logo-crni-transp-v2024.png","width":260,"height":103,"caption":"Volf oprema za elektri\u010dna vozila"},"image":{"@id":"https:\/\/www.metalika-volf.com\/#\/schema\/logo\/image\/"}}]}},"_links":{"self":[{"href":"https:\/\/www.metalika-volf.com\/en\/wp-json\/wp\/v2\/pages\/1","targetHints":{"allow":["GET"]}}],"collection":[{"href":"https:\/\/www.metalika-volf.com\/en\/wp-json\/wp\/v2\/pages"}],"about":[{"href":"https:\/\/www.metalika-volf.com\/en\/wp-json\/wp\/v2\/types\/page"}],"author":[{"embeddable":true,"href":"https:\/\/www.metalika-volf.com\/en\/wp-json\/wp\/v2\/users\/1"}],"replies":[{"embeddable":true,"href":"https:\/\/www.metalika-volf.com\/en\/wp-json\/wp\/v2\/comments?post=1"}],"version-history":[{"count":134,"href":"https:\/\/www.metalika-volf.com\/en\/wp-json\/wp\/v2\/pages\/1\/revisions"}],"predecessor-version":[{"id":3131,"href":"https:\/\/www.metalika-volf.com\/en\/wp-json\/wp\/v2\/pages\/1\/revisions\/3131"}],"wp:attachment":[{"href":"https:\/\/www.metalika-volf.com\/en\/wp-json\/wp\/v2\/media?parent=1"}],"curies":[{"name":"wp","href":"https:\/\/api.w.org\/{rel}","templated":true}]}}