{"id":19,"date":"2020-01-17T08:52:22","date_gmt":"2020-01-17T08:52:22","guid":{"rendered":"https:\/\/www.metalika-volf.com\/?p=19"},"modified":"2025-03-18T08:25:49","modified_gmt":"2025-03-18T08:25:49","slug":"metalika-z","status":"publish","type":"page","link":"https:\/\/www.metalika-volf.com\/en\/metalika-z\/","title":{"rendered":"Metalika Z"},"content":{"rendered":"<h1>Izrada proizvoda od grafita i metala<\/h1>\n<div>\n<p><strong>SR METALIKA Z<\/strong> osnovana je na mestu nekada\u0161nje radionice porodice Volf davne 1870. godine. U prvobitnoj kova\u010dkoj, a zatim i bravarskoj radionici proizvodili su se \u0161poreti i poljoprivredne ma\u0161ine. <br \/>Godine 1988. krenula je proizvodnja grafitnih \u010detkica, grafitnih lamela, dr\u017ea\u010da \u010detkica, strujnih oduzima\u010da, elektrokontakata i dr.<br \/>Danas je SR METALIKA Z savremena fabrika koja je specijalizovana za izradu proizvoda od grafita i metala. Najve\u0107i potro\u0161a\u010di na\u0161ih proizvoda su: Privredna dru\u0161tva u sastavu Elektroprivrede Srbije, Srbijavoz i druge \u017eelezni\u010dke uprave u regionu, GSP Beograd, rudnici, cementare, i remontna preduze\u0107a.<br \/>Za izradu svojih proizvoda koristimo najkvalitetnije materijale poznatih svetskih proizvo\u0111a\u010da: Mersen, PanTrac, Morgan, Leoni\u2026<\/p>\n<\/div>\n<p><img decoding=\"async\" src=\"\/wp-content\/uploads\/2025\/02\/direkcija-1.jpg\" alt=\"\"><\/p>\n<h2>Sertifikati<\/h2>\n<h3>ISO sertifikati<\/h3>\n<div>\n<p>Procesi na\u0161e kompanije su pod stalnim pra\u0107enjem analiza i pobolj\u0161anja u skladu sa ISO standardima:<br \/>ISO 9001<br \/>ISO 14001<\/p>\n<\/div>\n<p><a href=\"\/wp-content\/uploads\/2025\/02\/Sertifikat_scan_Q_05_srp.jpg\"><img decoding=\"async\" src=\"\/wp-content\/uploads\/2025\/02\/Sertifikat_scan_Q_05_srp.jpg\" alt=\"Sertifikat scan\"><\/a><br \/>\n<a href=\"\/wp-content\/uploads\/2025\/02\/Sertifikat_scan_E_05_srp.jpg\"><img decoding=\"async\" src=\"\/wp-content\/uploads\/2025\/02\/Sertifikat_scan_E_05_srp.jpg\" alt=\"Sertifikat_scan\"><\/a><\/p>\n<p><p>\n        <a href=\"\/wp-content\/uploads\/2025\/03\/politika-kvaliteta-metalika.pdf\">Pogledajte politiku kvaliteta!<\/a>\n    <\/p>\n<\/p>\n<p><!--more--><br \/>\n<!-- {\"type\":\"layout\",\"children\":[{\"type\":\"section\",\"props\":{\"image_position\":\"center-center\",\"padding\":\"small\",\"style\":\"default\",\"title_breakpoint\":\"xl\",\"title_position\":\"top-left\",\"title_rotation\":\"left\",\"vertical_align\":\"\",\"width\":\"large\"},\"children\":[{\"type\":\"row\",\"children\":[{\"type\":\"column\",\"props\":{\"image_position\":\"center-center\",\"position_sticky_breakpoint\":\"m\",\"width_medium\":\"1-1\"},\"children\":[{\"type\":\"headline\",\"props\":{\"content\":\"Izrada proizvoda od grafita i metala\",\"title_color\":\"background\",\"title_element\":\"h1\",\"title_style\":\"heading-medium\"}}]}]}],\"name\":\"Hero\"},{\"type\":\"section\",\"props\":{\"image_position\":\"center-center\",\"style\":\"default\",\"title_breakpoint\":\"xl\",\"title_position\":\"top-left\",\"title_rotation\":\"left\",\"vertical_align\":\"middle\",\"width\":\"default\"},\"children\":[{\"type\":\"row\",\"children\":[{\"type\":\"column\",\"props\":{\"image_position\":\"center-center\",\"padding\":\"xsmall\",\"position_sticky_breakpoint\":\"m\",\"style\":\"card-primary\",\"width_medium\":\"1-2\"},\"children\":[{\"type\":\"text\",\"props\":{\"column_breakpoint\":\"m\",\"content\":\"\n\n<p><strong>SR METALIKA Z<\\\/strong> osnovana je na mestu nekada\\u0161nje radionice porodice Volf davne 1870. godine. U prvobitnoj kova\\u010dkoj, a zatim i bravarskoj radionici proizvodili su se \\u0161poreti i poljoprivredne ma\\u0161ine. <br \\\/>Godine 1988. krenula je proizvodnja grafitnih \\u010detkica, grafitnih lamela, dr\\u017ea\\u010da \\u010detkica, strujnih oduzima\\u010da, elektrokontakata i dr.<br \\\/>Danas je SR METALIKA Z savremena fabrika koja je specijalizovana za izradu proizvoda od grafita i metala. Najve\\u0107i potro\\u0161a\\u010di na\\u0161ih proizvoda su: Privredna dru\\u0161tva u sastavu Elektroprivrede Srbije, Srbijavoz i druge \\u017eelezni\\u010dke uprave u regionu, GSP Beograd, rudnici, cementare, i remontna preduze\\u0107a.<br \\\/>Za izradu svojih proizvoda koristimo najkvalitetnije materijale poznatih svetskih proizvo\\u0111a\\u010da: Mersen, PanTrac, Morgan, Leoni\\u2026<\\\/p>\",\"dropcap\":true,\"margin\":\"default\"}}]},{\"type\":\"column\",\"props\":{\"image_position\":\"center-center\",\"position_sticky_breakpoint\":\"m\",\"width_medium\":\"1-2\"},\"children\":[{\"type\":\"image\",\"props\":{\"image\":\"wp-content\\\/uploads\\\/2025\\\/02\\\/direkcija-1.jpg\",\"image_border\":\"rounded\",\"image_box_shadow\":\"large\",\"image_svg_color\":\"emphasis\",\"margin\":\"default\"}}]}],\"props\":{\"layout\":\"1-2,1-2\"}}]},{\"type\":\"section\",\"props\":{\"id\":\"sertifikati\",\"image_position\":\"center-center\",\"style\":\"muted\",\"title_breakpoint\":\"xl\",\"title_position\":\"top-left\",\"title_rotation\":\"left\",\"vertical_align\":\"middle\",\"width\":\"small\"},\"children\":[{\"type\":\"row\",\"children\":[{\"type\":\"column\",\"props\":{\"image_position\":\"center-center\",\"position_sticky_breakpoint\":\"m\"},\"children\":[{\"type\":\"headline\",\"props\":{\"content\":\"Sertifikati\",\"title_decoration\":\"line\",\"title_element\":\"h2\"}},{\"type\":\"headline\",\"props\":{\"content\":\"ISO sertifikati\",\"title_element\":\"h3\"}},{\"type\":\"text\",\"props\":{\"column_breakpoint\":\"m\",\"content\":\"\n\n<p>Procesi na\\u0161e kompanije su pod stalnim pra\\u0107enjem analiza i pobolj\\u0161anja u skladu sa ISO standardima:<br \\\/>ISO 9001<br \\\/>ISO 14001<\\\/p>\",\"margin\":\"default\"}}]}]},{\"type\":\"row\",\"props\":{\"layout\":\"1-2,1-2\"},\"children\":[{\"type\":\"column\",\"props\":{\"image_position\":\"center-center\",\"position_sticky_breakpoint\":\"m\",\"width_medium\":\"1-2\"},\"children\":[{\"type\":\"image\",\"props\":{\"image\":\"wp-content\\\/uploads\\\/2025\\\/02\\\/Sertifikat_scan_Q_05_srp.jpg\",\"image_alt\":\"Sertifikat scan\",\"image_box_shadow\":\"large\",\"image_svg_color\":\"emphasis\",\"link\":\"wp-content\\\/uploads\\\/2025\\\/02\\\/Sertifikat_scan_Q_05_srp.jpg\",\"link_target\":\"modal\",\"margin\":\"default\"}}]},{\"type\":\"column\",\"props\":{\"image_position\":\"center-center\",\"position_sticky_breakpoint\":\"m\",\"width_medium\":\"1-2\"},\"children\":[{\"type\":\"image\",\"props\":{\"image\":\"wp-content\\\/uploads\\\/2025\\\/02\\\/Sertifikat_scan_E_05_srp.jpg\",\"image_alt\":\"Sertifikat_scan\",\"image_box_shadow\":\"large\",\"image_svg_color\":\"emphasis\",\"link\":\"wp-content\\\/uploads\\\/2025\\\/02\\\/Sertifikat_scan_E_05_srp.jpg\",\"link_target\":\"modal\",\"margin\":\"default\"}}]}]},{\"type\":\"row\",\"children\":[{\"type\":\"column\",\"props\":{\"image_position\":\"center-center\",\"position_sticky_breakpoint\":\"m\"},\"children\":[{\"type\":\"button\",\"props\":{\"grid_column_gap\":\"small\",\"grid_row_gap\":\"small\",\"margin\":\"default\",\"text_align\":\"center\"},\"children\":[{\"type\":\"button_item\",\"props\":{\"button_style\":\"primary\",\"content\":\"Pogledajte politiku kvaliteta!\",\"dialog_layout\":\"modal\",\"dialog_offcanvas_flip\":true,\"icon_align\":\"left\",\"link\":\"wp-content\\\/uploads\\\/2025\\\/03\\\/politika-kvaliteta-metalika.pdf\",\"link_title\":\"Politika kvaliteta\"}}]}]}]}],\"name\":\"Sertifikati\"}],\"version\":\"4.5.10\"} --><\/p>\n","protected":false},"excerpt":{"rendered":"<p>Izrada proizvoda od grafita i metala SR METALIKA Z osnovana je na mestu nekada\u0161nje radionice porodice Volf davne 1870. godine. U prvobitnoj kova\u010dkoj, a zatim i bravarskoj radionici proizvodili su se \u0161poreti i poljoprivredne ma\u0161ine. Godine 1988. krenula je proizvodnja grafitnih \u010detkica, grafitnih lamela, dr\u017ea\u010da \u010detkica, strujnih oduzima\u010da, elektrokontakata i dr.Danas je SR METALIKA Z [&hellip;]<\/p>\n","protected":false},"author":1,"featured_media":2833,"parent":0,"menu_order":3,"comment_status":"closed","ping_status":"closed","template":"","meta":{"_acf_changed":false,"footnotes":""},"class_list":["post-19","page","type-page","status-publish","has-post-thumbnail","hentry"],"acf":[],"yoast_head":"<!-- This site is optimized with the Yoast SEO plugin v27.4 - https:\/\/yoast.com\/product\/yoast-seo-wordpress\/ -->\n<title>Metalika Z - Metalika Z<\/title>\n<meta name=\"description\" content=\"Metalika Z osnovana je na mestu nekada\u0161nje radionice porodice Volf davne 1870. godine. U prvobitnoj kova\u010dkoj, a zatim i bravarskoj radionice\" \/>\n<meta name=\"robots\" content=\"index, follow, max-snippet:-1, max-image-preview:large, max-video-preview:-1\" \/>\n<link rel=\"canonical\" href=\"https:\/\/www.metalika-volf.com\/en\/metalika-z\/\" \/>\n<meta property=\"og:locale\" content=\"en_GB\" \/>\n<meta property=\"og:type\" content=\"article\" \/>\n<meta property=\"og:title\" content=\"Metalika Z - Metalika Z\" \/>\n<meta property=\"og:description\" content=\"Metalika Z osnovana je na mestu nekada\u0161nje radionice porodice Volf davne 1870. godine. U prvobitnoj kova\u010dkoj, a zatim i bravarskoj radionice\" \/>\n<meta property=\"og:url\" content=\"https:\/\/www.metalika-volf.com\/en\/metalika-z\/\" \/>\n<meta property=\"og:site_name\" content=\"Metalika Z\" \/>\n<meta property=\"article:modified_time\" content=\"2025-03-18T08:25:49+00:00\" \/>\n<meta property=\"og:image\" content=\"https:\/\/www.metalika-volf.com\/wp-content\/uploads\/2025\/02\/direkcija-1.jpg\" \/>\n\t<meta property=\"og:image:width\" content=\"609\" \/>\n\t<meta property=\"og:image:height\" content=\"445\" \/>\n\t<meta property=\"og:image:type\" content=\"image\/jpeg\" \/>\n<meta name=\"twitter:card\" content=\"summary_large_image\" \/>\n<meta name=\"twitter:label1\" content=\"Estimated reading time\" \/>\n\t<meta name=\"twitter:data1\" content=\"2 minutes\" \/>\n<script type=\"application\/ld+json\" class=\"yoast-schema-graph\">{\"@context\":\"https:\\\/\\\/schema.org\",\"@graph\":[{\"@type\":\"WebPage\",\"@id\":\"https:\\\/\\\/www.metalika-volf.com\\\/metalika-z\\\/\",\"url\":\"https:\\\/\\\/www.metalika-volf.com\\\/metalika-z\\\/\",\"name\":\"Metalika Z - Metalika Z\",\"isPartOf\":{\"@id\":\"https:\\\/\\\/www.metalika-volf.com\\\/#website\"},\"primaryImageOfPage\":{\"@id\":\"https:\\\/\\\/www.metalika-volf.com\\\/metalika-z\\\/#primaryimage\"},\"image\":{\"@id\":\"https:\\\/\\\/www.metalika-volf.com\\\/metalika-z\\\/#primaryimage\"},\"thumbnailUrl\":\"https:\\\/\\\/www.metalika-volf.com\\\/wp-content\\\/uploads\\\/2025\\\/02\\\/direkcija-1.jpg\",\"datePublished\":\"2020-01-17T08:52:22+00:00\",\"dateModified\":\"2025-03-18T08:25:49+00:00\",\"description\":\"Metalika Z osnovana je na mestu nekada\u0161nje radionice porodice Volf davne 1870. godine. U prvobitnoj kova\u010dkoj, a zatim i bravarskoj radionice\",\"breadcrumb\":{\"@id\":\"https:\\\/\\\/www.metalika-volf.com\\\/metalika-z\\\/#breadcrumb\"},\"inLanguage\":\"en-GB\",\"potentialAction\":[{\"@type\":\"ReadAction\",\"target\":[\"https:\\\/\\\/www.metalika-volf.com\\\/metalika-z\\\/\"]}]},{\"@type\":\"ImageObject\",\"inLanguage\":\"en-GB\",\"@id\":\"https:\\\/\\\/www.metalika-volf.com\\\/metalika-z\\\/#primaryimage\",\"url\":\"https:\\\/\\\/www.metalika-volf.com\\\/wp-content\\\/uploads\\\/2025\\\/02\\\/direkcija-1.jpg\",\"contentUrl\":\"https:\\\/\\\/www.metalika-volf.com\\\/wp-content\\\/uploads\\\/2025\\\/02\\\/direkcija-1.jpg\",\"width\":609,\"height\":445,\"caption\":\"direkcija\"},{\"@type\":\"BreadcrumbList\",\"@id\":\"https:\\\/\\\/www.metalika-volf.com\\\/metalika-z\\\/#breadcrumb\",\"itemListElement\":[{\"@type\":\"ListItem\",\"position\":1,\"name\":\"Po\u010detna\",\"item\":\"https:\\\/\\\/www.metalika-volf.com\\\/\"},{\"@type\":\"ListItem\",\"position\":2,\"name\":\"Metalika Z\"}]},{\"@type\":\"WebSite\",\"@id\":\"https:\\\/\\\/www.metalika-volf.com\\\/#website\",\"url\":\"https:\\\/\\\/www.metalika-volf.com\\\/\",\"name\":\"Volf oprema za elektri\u010dna vozila\",\"description\":\"Izradu proizvoda od grafita i metala\",\"publisher\":{\"@id\":\"https:\\\/\\\/www.metalika-volf.com\\\/#organization\"},\"potentialAction\":[{\"@type\":\"SearchAction\",\"target\":{\"@type\":\"EntryPoint\",\"urlTemplate\":\"https:\\\/\\\/www.metalika-volf.com\\\/?s={search_term_string}\"},\"query-input\":{\"@type\":\"PropertyValueSpecification\",\"valueRequired\":true,\"valueName\":\"search_term_string\"}}],\"inLanguage\":\"en-GB\"},{\"@type\":\"Organization\",\"@id\":\"https:\\\/\\\/www.metalika-volf.com\\\/#organization\",\"name\":\"Volf oprema za elektri\u010dna vozila\",\"url\":\"https:\\\/\\\/www.metalika-volf.com\\\/\",\"logo\":{\"@type\":\"ImageObject\",\"inLanguage\":\"en-GB\",\"@id\":\"https:\\\/\\\/www.metalika-volf.com\\\/#\\\/schema\\\/logo\\\/image\\\/\",\"url\":\"https:\\\/\\\/www.metalika-volf.com\\\/wp-content\\\/uploads\\\/2025\\\/02\\\/VEfEV-Logo-crni-transp-v2024.png\",\"contentUrl\":\"https:\\\/\\\/www.metalika-volf.com\\\/wp-content\\\/uploads\\\/2025\\\/02\\\/VEfEV-Logo-crni-transp-v2024.png\",\"width\":260,\"height\":103,\"caption\":\"Volf oprema za elektri\u010dna vozila\"},\"image\":{\"@id\":\"https:\\\/\\\/www.metalika-volf.com\\\/#\\\/schema\\\/logo\\\/image\\\/\"}}]}<\/script>\n<!-- \/ Yoast SEO plugin. -->","yoast_head_json":{"title":"Metalika Z - Metalika Z","description":"Metalika Z osnovana je na mestu nekada\u0161nje radionice porodice Volf davne 1870. godine. U prvobitnoj kova\u010dkoj, a zatim i bravarskoj radionice","robots":{"index":"index","follow":"follow","max-snippet":"max-snippet:-1","max-image-preview":"max-image-preview:large","max-video-preview":"max-video-preview:-1"},"canonical":"https:\/\/www.metalika-volf.com\/en\/metalika-z\/","og_locale":"en_GB","og_type":"article","og_title":"Metalika Z - Metalika Z","og_description":"Metalika Z osnovana je na mestu nekada\u0161nje radionice porodice Volf davne 1870. godine. U prvobitnoj kova\u010dkoj, a zatim i bravarskoj radionice","og_url":"https:\/\/www.metalika-volf.com\/en\/metalika-z\/","og_site_name":"Metalika Z","article_modified_time":"2025-03-18T08:25:49+00:00","og_image":[{"width":609,"height":445,"url":"https:\/\/www.metalika-volf.com\/wp-content\/uploads\/2025\/02\/direkcija-1.jpg","type":"image\/jpeg"}],"twitter_card":"summary_large_image","twitter_misc":{"Estimated reading time":"2 minutes"},"schema":{"@context":"https:\/\/schema.org","@graph":[{"@type":"WebPage","@id":"https:\/\/www.metalika-volf.com\/metalika-z\/","url":"https:\/\/www.metalika-volf.com\/metalika-z\/","name":"Metalika Z - Metalika Z","isPartOf":{"@id":"https:\/\/www.metalika-volf.com\/#website"},"primaryImageOfPage":{"@id":"https:\/\/www.metalika-volf.com\/metalika-z\/#primaryimage"},"image":{"@id":"https:\/\/www.metalika-volf.com\/metalika-z\/#primaryimage"},"thumbnailUrl":"https:\/\/www.metalika-volf.com\/wp-content\/uploads\/2025\/02\/direkcija-1.jpg","datePublished":"2020-01-17T08:52:22+00:00","dateModified":"2025-03-18T08:25:49+00:00","description":"Metalika Z osnovana je na mestu nekada\u0161nje radionice porodice Volf davne 1870. godine. U prvobitnoj kova\u010dkoj, a zatim i bravarskoj radionice","breadcrumb":{"@id":"https:\/\/www.metalika-volf.com\/metalika-z\/#breadcrumb"},"inLanguage":"en-GB","potentialAction":[{"@type":"ReadAction","target":["https:\/\/www.metalika-volf.com\/metalika-z\/"]}]},{"@type":"ImageObject","inLanguage":"en-GB","@id":"https:\/\/www.metalika-volf.com\/metalika-z\/#primaryimage","url":"https:\/\/www.metalika-volf.com\/wp-content\/uploads\/2025\/02\/direkcija-1.jpg","contentUrl":"https:\/\/www.metalika-volf.com\/wp-content\/uploads\/2025\/02\/direkcija-1.jpg","width":609,"height":445,"caption":"direkcija"},{"@type":"BreadcrumbList","@id":"https:\/\/www.metalika-volf.com\/metalika-z\/#breadcrumb","itemListElement":[{"@type":"ListItem","position":1,"name":"Po\u010detna","item":"https:\/\/www.metalika-volf.com\/"},{"@type":"ListItem","position":2,"name":"Metalika Z"}]},{"@type":"WebSite","@id":"https:\/\/www.metalika-volf.com\/#website","url":"https:\/\/www.metalika-volf.com\/","name":"Volf oprema za elektri\u010dna vozila","description":"Izradu proizvoda od grafita i metala","publisher":{"@id":"https:\/\/www.metalika-volf.com\/#organization"},"potentialAction":[{"@type":"SearchAction","target":{"@type":"EntryPoint","urlTemplate":"https:\/\/www.metalika-volf.com\/?s={search_term_string}"},"query-input":{"@type":"PropertyValueSpecification","valueRequired":true,"valueName":"search_term_string"}}],"inLanguage":"en-GB"},{"@type":"Organization","@id":"https:\/\/www.metalika-volf.com\/#organization","name":"Volf oprema za elektri\u010dna vozila","url":"https:\/\/www.metalika-volf.com\/","logo":{"@type":"ImageObject","inLanguage":"en-GB","@id":"https:\/\/www.metalika-volf.com\/#\/schema\/logo\/image\/","url":"https:\/\/www.metalika-volf.com\/wp-content\/uploads\/2025\/02\/VEfEV-Logo-crni-transp-v2024.png","contentUrl":"https:\/\/www.metalika-volf.com\/wp-content\/uploads\/2025\/02\/VEfEV-Logo-crni-transp-v2024.png","width":260,"height":103,"caption":"Volf oprema za elektri\u010dna vozila"},"image":{"@id":"https:\/\/www.metalika-volf.com\/#\/schema\/logo\/image\/"}}]}},"_links":{"self":[{"href":"https:\/\/www.metalika-volf.com\/en\/wp-json\/wp\/v2\/pages\/19","targetHints":{"allow":["GET"]}}],"collection":[{"href":"https:\/\/www.metalika-volf.com\/en\/wp-json\/wp\/v2\/pages"}],"about":[{"href":"https:\/\/www.metalika-volf.com\/en\/wp-json\/wp\/v2\/types\/page"}],"author":[{"embeddable":true,"href":"https:\/\/www.metalika-volf.com\/en\/wp-json\/wp\/v2\/users\/1"}],"replies":[{"embeddable":true,"href":"https:\/\/www.metalika-volf.com\/en\/wp-json\/wp\/v2\/comments?post=19"}],"version-history":[{"count":55,"href":"https:\/\/www.metalika-volf.com\/en\/wp-json\/wp\/v2\/pages\/19\/revisions"}],"predecessor-version":[{"id":3057,"href":"https:\/\/www.metalika-volf.com\/en\/wp-json\/wp\/v2\/pages\/19\/revisions\/3057"}],"wp:featuredmedia":[{"embeddable":true,"href":"https:\/\/www.metalika-volf.com\/en\/wp-json\/wp\/v2\/media\/2833"}],"wp:attachment":[{"href":"https:\/\/www.metalika-volf.com\/en\/wp-json\/wp\/v2\/media?parent=19"}],"curies":[{"name":"wp","href":"https:\/\/api.w.org\/{rel}","templated":true}]}}