{"id":33,"date":"2020-02-11T07:50:33","date_gmt":"2020-02-11T07:50:33","guid":{"rendered":"https:\/\/www.metalika-volf.com\/?p=33"},"modified":"2025-04-14T13:05:25","modified_gmt":"2025-04-14T13:05:25","slug":"usluge","status":"publish","type":"page","link":"https:\/\/www.metalika-volf.com\/en\/usluge\/","title":{"rendered":"Services"},"content":{"rendered":"<h1>Usluge<\/h1>\n<div>\n<p>Uvodni tekst za usluge.<\/p>\n<\/div>\n<h2><a href=\"\/index.php?company_flag=featured\">Na\u0161e usluge<\/a><\/h2>\n<p><p>\n        <a href=\"\/kontakti\/\">Kontaktirajte nas<\/a>\n    <\/p>\n<\/p>\n<div>\n<\/div>\n<h2>Za vi\u0161e informacija <br class=\"uk-visible@s\"><br \/>\nslobodno nas <span class=\"uk-text-primary\">pozovite<\/span><\/h2>\n<div>Ukoliko vas zanimaju specifi\u010dni detalji ili imate neki zahtev ili potrebu, slobodnonas pozovite.<\/div>\n<p><p>\n        <a href=\"\/kontakt\/\">Kontakt<\/a>\n    <\/p>\n<\/p>\n<p><!--more--><br \/>\n<!-- {\"type\":\"layout\",\"children\":[{\"type\":\"section\",\"props\":{\"image_position\":\"center-center\",\"overlap\":false,\"padding\":\"large\",\"style\":\"default\",\"title_breakpoint\":\"xl\",\"title_position\":\"top-left\",\"title_rotation\":\"left\",\"vertical_align\":\"\",\"width\":\"large\"},\"children\":[{\"type\":\"row\",\"children\":[{\"type\":\"column\",\"props\":{\"image_position\":\"center-center\",\"position_sticky_breakpoint\":\"m\",\"width_medium\":\"1-1\"},\"children\":[{\"type\":\"headline\",\"props\":{\"content\":\"Usluge\",\"title_color\":\"background\",\"title_element\":\"h1\",\"title_style\":\"heading-medium\"}},{\"type\":\"text\",\"props\":{\"column_breakpoint\":\"m\",\"content\":\"\n\n<p>Uvodni tekst za usluge.<\\\/p>\",\"margin\":\"default\",\"maxwidth\":\"2xlarge\"}}]}]}],\"name\":\"Hero\"},{\"type\":\"section\",\"props\":{\"image_position\":\"center-center\",\"padding\":\"large\",\"padding_remove_bottom\":true,\"style\":\"muted\",\"title_breakpoint\":\"xl\",\"title_position\":\"top-left\",\"title_rotation\":\"left\",\"vertical_align\":\"\",\"width\":\"large\"},\"children\":[{\"type\":\"row\",\"props\":{\"layout\":\"large,expand\",\"row_gap\":\"small\"},\"children\":[{\"type\":\"column\",\"props\":{\"image_position\":\"center-center\",\"position_sticky_breakpoint\":\"m\",\"width_small\":\"auto\"},\"children\":[{\"type\":\"headline\",\"props\":{\"content\":\"Na\\u0161e usluge\",\"link\":\"index.php?company_flag=featured\",\"title_element\":\"h2\",\"title_style\":\"h3\"}}]},{\"type\":\"column\",\"props\":{\"image_position\":\"center-center\",\"position_sticky_breakpoint\":\"m\",\"vertical_align\":\"bottom\",\"width_small\":\"expand\"},\"children\":[{\"type\":\"button\",\"props\":{\"grid_column_gap\":\"small\",\"grid_row_gap\":\"small\",\"margin\":\"default\",\"text_align\":\"right\",\"text_align_breakpoint\":\"s\"},\"children\":[{\"type\":\"button_item\",\"props\":{\"button_style\":\"text\",\"content\":\"Kontaktirajte nas\",\"dialog_layout\":\"modal\",\"dialog_offcanvas_flip\":true,\"icon_align\":\"left\",\"link\":\"kontakti\\\/\"}}]}]}]},{\"type\":\"row\",\"children\":[{\"type\":\"column\",\"props\":{\"image_position\":\"center-center\",\"position_sticky_breakpoint\":\"m\",\"width_medium\":\"1-1\"},\"children\":[{\"type\":\"grid\",\"props\":{\"content_column_breakpoint\":\"m\",\"filter_align\":\"left\",\"filter_all\":true,\"filter_grid_breakpoint\":\"m\",\"filter_grid_width\":\"auto\",\"filter_position\":\"top\",\"filter_style\":\"tab\",\"grid_column_gap\":\"medium\",\"grid_default\":\"1\",\"grid_medium\":\"\",\"grid_row_gap\":\"medium\",\"grid_small\":\"2\",\"icon_width\":80,\"image_align\":\"top\",\"image_grid_breakpoint\":\"m\",\"image_grid_width\":\"1-2\",\"image_loading\":true,\"image_svg_color\":\"emphasis\",\"image_width\":\"665\",\"item_animation\":true,\"lightbox_bg_close\":true,\"link_style\":\"default\",\"link_text\":\"\",\"margin\":\"medium\",\"meta_align\":\"below-title\",\"meta_color\":\"primary\",\"meta_element\":\"div\",\"meta_margin\":\"small\",\"meta_style\":\"text-meta\",\"panel_image_no_padding\":true,\"panel_link\":true,\"panel_link_hover\":\"true\",\"panel_padding\":\"default\",\"panel_style\":\"card-default\",\"parallax_easing\":\"1\",\"show_content\":true,\"show_hover_image\":true,\"show_hover_video\":true,\"show_image\":true,\"show_link\":true,\"show_meta\":true,\"show_title\":true,\"show_video\":true,\"title_align\":\"left\",\"title_element\":\"h3\",\"title_grid_breakpoint\":\"l\",\"title_grid_width\":\"1-3\",\"title_hover_style\":\"reset\",\"title_style\":\"h4\"},\"children\":[{\"type\":\"grid_item\",\"source\":{\"props\":{\"title\":{\"name\":\"title\"},\"image\":{\"name\":\"field.intro_image.url\"},\"meta\":{\"arguments\":{\"separator\":\", \",\"show_link\":true,\"link_style\":\"\"},\"name\":\"categoryString\"},\"image_alt\":{\"name\":\"field.intro_image.alt\",\"filters\":{\"search\":\"\"}},\"content\":{\"filters\":{\"search\":\"\",\"limit\":300},\"name\":\"teaser\",\"arguments\":{\"show_excerpt\":true}},\"link\":{\"name\":\"link\"}},\"query\":{\"name\":\"posts.customPosts\",\"arguments\":{\"terms\":[1],\"category_operator\":\"IN\",\"post_tag_operator\":\"IN\",\"users\":[],\"users_operator\":\"IN\",\"offset\":0,\"limit\":10,\"order\":\"date\",\"order_direction\":\"DESC\"}}},\"props\":{\"item_element\":\"article\",\"link_text\":\"Detaljno\"}}]}]}]}],\"name\":\"Featured Companies\"},{\"type\":\"section\",\"props\":{\"image_position\":\"center-center\",\"padding\":\"large\",\"style\":\"muted\",\"title_breakpoint\":\"xl\",\"title_position\":\"top-left\",\"title_rotation\":\"left\",\"vertical_align\":\"\",\"width\":\"large\"},\"children\":[{\"type\":\"row\",\"children\":[{\"type\":\"column\",\"props\":{\"image_position\":\"center-center\",\"position_sticky_breakpoint\":\"m\",\"style\":\"tile-default\",\"width_medium\":\"1-1\"},\"children\":[{\"type\":\"headline\",\"props\":{\"content\":\"Za vi\\u0161e informacija <br class=\\\"uk-visible@s\\\">\\nslobodno nas <span class=\\\"uk-text-primary\\\">pozovite<\\\/span>\",\"text_align\":\"center\",\"title_element\":\"h2\",\"title_style\":\"h1\"}},{\"type\":\"text\",\"props\":{\"block_align\":\"center\",\"column_breakpoint\":\"m\",\"content\":\"Ukoliko vas zanimaju specifi\\u010dni detalji ili imate neki zahtev ili potrebu, slobodnonas pozovite.\",\"margin\":\"default\",\"maxwidth\":\"large\",\"text_align\":\"center\"}},{\"type\":\"button\",\"props\":{\"grid_column_gap\":\"small\",\"grid_row_gap\":\"small\",\"margin\":\"default\",\"text_align\":\"center\"},\"children\":[{\"type\":\"button_item\",\"props\":{\"button_style\":\"primary\",\"content\":\"Kontakt\",\"dialog_layout\":\"modal\",\"dialog_offcanvas_flip\":true,\"icon_align\":\"left\",\"link\":\"kontakt\\\/\"}}]}]}]}],\"name\":\"Call to Action\"}],\"version\":\"4.5.13\"} --><\/p>\n","protected":false},"excerpt":{"rendered":"<p>Usluge Uvodni tekst za usluge. Na\u0161e usluge Kontaktirajte nas Za vi\u0161e informacija slobodno nas pozovite Ukoliko vas zanimaju specifi\u010dni detalji ili imate neki zahtev ili potrebu, slobodnonas pozovite. Kontakt<\/p>","protected":false},"author":1,"featured_media":0,"parent":0,"menu_order":2,"comment_status":"closed","ping_status":"closed","template":"","meta":{"_acf_changed":false,"footnotes":""},"class_list":["post-33","page","type-page","status-publish","hentry"],"acf":[],"yoast_head":"<!-- This site is optimized with the Yoast SEO plugin v27.4 - https:\/\/yoast.com\/product\/yoast-seo-wordpress\/ -->\n<title>Usluge - Metalika Z<\/title>\n<meta name=\"robots\" content=\"index, follow, max-snippet:-1, max-image-preview:large, max-video-preview:-1\" \/>\n<link rel=\"canonical\" href=\"https:\/\/www.metalika-volf.com\/en\/usluge\/\" \/>\n<meta property=\"og:locale\" content=\"en_GB\" \/>\n<meta property=\"og:type\" content=\"article\" \/>\n<meta property=\"og:title\" content=\"Usluge - Metalika Z\" \/>\n<meta property=\"og:description\" content=\"Usluge Uvodni tekst za usluge. Na\u0161e usluge Kontaktirajte nas Za vi\u0161e informacija slobodno nas pozovite Ukoliko vas zanimaju specifi\u010dni detalji ili imate neki zahtev ili potrebu, slobodnonas pozovite. Kontakt\" \/>\n<meta property=\"og:url\" content=\"https:\/\/www.metalika-volf.com\/en\/usluge\/\" \/>\n<meta property=\"og:site_name\" content=\"Metalika Z\" \/>\n<meta property=\"article:modified_time\" content=\"2025-04-14T13:05:25+00:00\" \/>\n<meta name=\"twitter:card\" content=\"summary_large_image\" \/>\n<script type=\"application\/ld+json\" class=\"yoast-schema-graph\">{\"@context\":\"https:\\\/\\\/schema.org\",\"@graph\":[{\"@type\":\"WebPage\",\"@id\":\"https:\\\/\\\/www.metalika-volf.com\\\/usluge\\\/\",\"url\":\"https:\\\/\\\/www.metalika-volf.com\\\/usluge\\\/\",\"name\":\"Usluge - Metalika Z\",\"isPartOf\":{\"@id\":\"https:\\\/\\\/www.metalika-volf.com\\\/#website\"},\"datePublished\":\"2020-02-11T07:50:33+00:00\",\"dateModified\":\"2025-04-14T13:05:25+00:00\",\"breadcrumb\":{\"@id\":\"https:\\\/\\\/www.metalika-volf.com\\\/usluge\\\/#breadcrumb\"},\"inLanguage\":\"en-GB\",\"potentialAction\":[{\"@type\":\"ReadAction\",\"target\":[\"https:\\\/\\\/www.metalika-volf.com\\\/usluge\\\/\"]}]},{\"@type\":\"BreadcrumbList\",\"@id\":\"https:\\\/\\\/www.metalika-volf.com\\\/usluge\\\/#breadcrumb\",\"itemListElement\":[{\"@type\":\"ListItem\",\"position\":1,\"name\":\"Po\u010detna\",\"item\":\"https:\\\/\\\/www.metalika-volf.com\\\/\"},{\"@type\":\"ListItem\",\"position\":2,\"name\":\"Usluge\"}]},{\"@type\":\"WebSite\",\"@id\":\"https:\\\/\\\/www.metalika-volf.com\\\/#website\",\"url\":\"https:\\\/\\\/www.metalika-volf.com\\\/\",\"name\":\"Volf oprema za elektri\u010dna vozila\",\"description\":\"Izradu proizvoda od grafita i metala\",\"publisher\":{\"@id\":\"https:\\\/\\\/www.metalika-volf.com\\\/#organization\"},\"potentialAction\":[{\"@type\":\"SearchAction\",\"target\":{\"@type\":\"EntryPoint\",\"urlTemplate\":\"https:\\\/\\\/www.metalika-volf.com\\\/?s={search_term_string}\"},\"query-input\":{\"@type\":\"PropertyValueSpecification\",\"valueRequired\":true,\"valueName\":\"search_term_string\"}}],\"inLanguage\":\"en-GB\"},{\"@type\":\"Organization\",\"@id\":\"https:\\\/\\\/www.metalika-volf.com\\\/#organization\",\"name\":\"Volf oprema za elektri\u010dna vozila\",\"url\":\"https:\\\/\\\/www.metalika-volf.com\\\/\",\"logo\":{\"@type\":\"ImageObject\",\"inLanguage\":\"en-GB\",\"@id\":\"https:\\\/\\\/www.metalika-volf.com\\\/#\\\/schema\\\/logo\\\/image\\\/\",\"url\":\"https:\\\/\\\/www.metalika-volf.com\\\/wp-content\\\/uploads\\\/2025\\\/02\\\/VEfEV-Logo-crni-transp-v2024.png\",\"contentUrl\":\"https:\\\/\\\/www.metalika-volf.com\\\/wp-content\\\/uploads\\\/2025\\\/02\\\/VEfEV-Logo-crni-transp-v2024.png\",\"width\":260,\"height\":103,\"caption\":\"Volf oprema za elektri\u010dna vozila\"},\"image\":{\"@id\":\"https:\\\/\\\/www.metalika-volf.com\\\/#\\\/schema\\\/logo\\\/image\\\/\"}}]}<\/script>\n<!-- \/ Yoast SEO plugin. -->","yoast_head_json":{"title":"Usluge - Metalika Z","robots":{"index":"index","follow":"follow","max-snippet":"max-snippet:-1","max-image-preview":"max-image-preview:large","max-video-preview":"max-video-preview:-1"},"canonical":"https:\/\/www.metalika-volf.com\/en\/usluge\/","og_locale":"en_GB","og_type":"article","og_title":"Usluge - Metalika Z","og_description":"Usluge Uvodni tekst za usluge. Na\u0161e usluge Kontaktirajte nas Za vi\u0161e informacija slobodno nas pozovite Ukoliko vas zanimaju specifi\u010dni detalji ili imate neki zahtev ili potrebu, slobodnonas pozovite. Kontakt","og_url":"https:\/\/www.metalika-volf.com\/en\/usluge\/","og_site_name":"Metalika Z","article_modified_time":"2025-04-14T13:05:25+00:00","twitter_card":"summary_large_image","schema":{"@context":"https:\/\/schema.org","@graph":[{"@type":"WebPage","@id":"https:\/\/www.metalika-volf.com\/usluge\/","url":"https:\/\/www.metalika-volf.com\/usluge\/","name":"Usluge - Metalika Z","isPartOf":{"@id":"https:\/\/www.metalika-volf.com\/#website"},"datePublished":"2020-02-11T07:50:33+00:00","dateModified":"2025-04-14T13:05:25+00:00","breadcrumb":{"@id":"https:\/\/www.metalika-volf.com\/usluge\/#breadcrumb"},"inLanguage":"en-GB","potentialAction":[{"@type":"ReadAction","target":["https:\/\/www.metalika-volf.com\/usluge\/"]}]},{"@type":"BreadcrumbList","@id":"https:\/\/www.metalika-volf.com\/usluge\/#breadcrumb","itemListElement":[{"@type":"ListItem","position":1,"name":"Po\u010detna","item":"https:\/\/www.metalika-volf.com\/"},{"@type":"ListItem","position":2,"name":"Usluge"}]},{"@type":"WebSite","@id":"https:\/\/www.metalika-volf.com\/#website","url":"https:\/\/www.metalika-volf.com\/","name":"Volf oprema za elektri\u010dna vozila","description":"Izradu proizvoda od grafita i metala","publisher":{"@id":"https:\/\/www.metalika-volf.com\/#organization"},"potentialAction":[{"@type":"SearchAction","target":{"@type":"EntryPoint","urlTemplate":"https:\/\/www.metalika-volf.com\/?s={search_term_string}"},"query-input":{"@type":"PropertyValueSpecification","valueRequired":true,"valueName":"search_term_string"}}],"inLanguage":"en-GB"},{"@type":"Organization","@id":"https:\/\/www.metalika-volf.com\/#organization","name":"Volf oprema za elektri\u010dna vozila","url":"https:\/\/www.metalika-volf.com\/","logo":{"@type":"ImageObject","inLanguage":"en-GB","@id":"https:\/\/www.metalika-volf.com\/#\/schema\/logo\/image\/","url":"https:\/\/www.metalika-volf.com\/wp-content\/uploads\/2025\/02\/VEfEV-Logo-crni-transp-v2024.png","contentUrl":"https:\/\/www.metalika-volf.com\/wp-content\/uploads\/2025\/02\/VEfEV-Logo-crni-transp-v2024.png","width":260,"height":103,"caption":"Volf oprema za elektri\u010dna vozila"},"image":{"@id":"https:\/\/www.metalika-volf.com\/#\/schema\/logo\/image\/"}}]}},"_links":{"self":[{"href":"https:\/\/www.metalika-volf.com\/en\/wp-json\/wp\/v2\/pages\/33","targetHints":{"allow":["GET"]}}],"collection":[{"href":"https:\/\/www.metalika-volf.com\/en\/wp-json\/wp\/v2\/pages"}],"about":[{"href":"https:\/\/www.metalika-volf.com\/en\/wp-json\/wp\/v2\/types\/page"}],"author":[{"embeddable":true,"href":"https:\/\/www.metalika-volf.com\/en\/wp-json\/wp\/v2\/users\/1"}],"replies":[{"embeddable":true,"href":"https:\/\/www.metalika-volf.com\/en\/wp-json\/wp\/v2\/comments?post=33"}],"version-history":[{"count":12,"href":"https:\/\/www.metalika-volf.com\/en\/wp-json\/wp\/v2\/pages\/33\/revisions"}],"predecessor-version":[{"id":3127,"href":"https:\/\/www.metalika-volf.com\/en\/wp-json\/wp\/v2\/pages\/33\/revisions\/3127"}],"wp:attachment":[{"href":"https:\/\/www.metalika-volf.com\/en\/wp-json\/wp\/v2\/media?parent=33"}],"curies":[{"name":"wp","href":"https:\/\/api.w.org\/{rel}","templated":true}]}}